{"id":25400,"date":"2025-03-05T16:42:34","date_gmt":"2025-03-05T16:42:34","guid":{"rendered":"https:\/\/magtech.az\/?post_type=product&#038;p=25400"},"modified":"2025-03-05T16:42:34","modified_gmt":"2025-03-05T16:42:34","slug":"yelk%c9%99n-tipli-bayraq","status":"publish","type":"product","link":"https:\/\/magtech.az\/az\/product\/yelk%c9%99n-tipli-bayraq\/","title":{"rendered":"Yelk\u0259n tipli bayraq"},"content":{"rendered":"<p>Yelk\u0259n tipli bayraqlar<\/p>\n<p>Sifari\u015fl\u0259 2 \u00f6l\u00e7\u00fcd\u0259 haz\u0131rlana bil\u0259r.<\/p>\n<p>\u00d6l\u00e7\u00fc: 300x85sm \/ 400x85sm<\/p>\n<p>&nbsp;<\/p>","protected":false},"excerpt":{"rendered":"<p>Yelk\u0259n tipli bayraqlar Sifari\u015fl\u0259 2 \u00f6l\u00e7\u00fcd\u0259 haz\u0131rlana bil\u0259r. \u00d6l\u00e7\u00fc: 300x85sm \/ 400x85sm &nbsp;<\/p>","protected":false},"featured_media":25401,"template":"","meta":[],"product_brand":[],"product_cat":[58,59],"product_tag":[],"class_list":{"0":"post-25400","1":"product","2":"type-product","3":"status-publish","4":"has-post-thumbnail","6":"product_cat-bayraqlar","7":"product_cat-reklam","8":"tm-no-options","10":"first","11":"instock","12":"shipping-taxable","13":"product-type-simple"},"_links":{"self":[{"href":"https:\/\/magtech.az\/az\/wp-json\/wp\/v2\/product\/25400","targetHints":{"allow":["GET"]}}],"collection":[{"href":"https:\/\/magtech.az\/az\/wp-json\/wp\/v2\/product"}],"about":[{"href":"https:\/\/magtech.az\/az\/wp-json\/wp\/v2\/types\/product"}],"version-history":[{"count":1,"href":"https:\/\/magtech.az\/az\/wp-json\/wp\/v2\/product\/25400\/revisions"}],"predecessor-version":[{"id":25402,"href":"https:\/\/magtech.az\/az\/wp-json\/wp\/v2\/product\/25400\/revisions\/25402"}],"wp:featuredmedia":[{"embeddable":true,"href":"https:\/\/magtech.az\/az\/wp-json\/wp\/v2\/media\/25401"}],"wp:attachment":[{"href":"https:\/\/magtech.az\/az\/wp-json\/wp\/v2\/media?parent=25400"}],"wp:term":[{"taxonomy":"product_brand","embeddable":true,"href":"https:\/\/magtech.az\/az\/wp-json\/wp\/v2\/product_brand?post=25400"},{"taxonomy":"product_cat","embeddable":true,"href":"https:\/\/magtech.az\/az\/wp-json\/wp\/v2\/product_cat?post=25400"},{"taxonomy":"product_tag","embeddable":true,"href":"https:\/\/magtech.az\/az\/wp-json\/wp\/v2\/product_tag?post=25400"}],"curies":[{"name":"wp","href":"https:\/\/api.w.org\/{rel}","templated":true}]}}