{"id":25384,"date":"2025-03-05T16:18:26","date_gmt":"2025-03-05T16:18:26","guid":{"rendered":"https:\/\/magtech.az\/?post_type=product&#038;p=25384"},"modified":"2025-03-05T16:18:26","modified_gmt":"2025-03-05T16:18:26","slug":"telefonlar-ucun-taxta-altliq","status":"publish","type":"product","link":"https:\/\/magtech.az\/az\/product\/telefonlar-ucun-taxta-altliq\/","title":{"rendered":"Telefonlar \u00fc\u00e7\u00fcn taxta altl\u0131q"},"content":{"rendered":"<p>Telefonlar \u00fc\u00e7\u00fcn taxta altl\u0131q<\/p>","protected":false},"excerpt":{"rendered":"<p>Telefonlar \u00fc\u00e7\u00fcn taxta altl\u0131q<\/p>","protected":false},"featured_media":25373,"template":"","meta":[],"product_brand":[],"product_cat":[50],"product_tag":[],"class_list":{"0":"post-25384","1":"product","2":"type-product","3":"status-publish","4":"has-post-thumbnail","6":"product_cat-texnologiya-mehsullari","7":"tm-no-options","9":"first","10":"instock","11":"shipping-taxable","12":"purchasable","13":"product-type-simple"},"_links":{"self":[{"href":"https:\/\/magtech.az\/az\/wp-json\/wp\/v2\/product\/25384","targetHints":{"allow":["GET"]}}],"collection":[{"href":"https:\/\/magtech.az\/az\/wp-json\/wp\/v2\/product"}],"about":[{"href":"https:\/\/magtech.az\/az\/wp-json\/wp\/v2\/types\/product"}],"version-history":[{"count":1,"href":"https:\/\/magtech.az\/az\/wp-json\/wp\/v2\/product\/25384\/revisions"}],"predecessor-version":[{"id":25385,"href":"https:\/\/magtech.az\/az\/wp-json\/wp\/v2\/product\/25384\/revisions\/25385"}],"wp:featuredmedia":[{"embeddable":true,"href":"https:\/\/magtech.az\/az\/wp-json\/wp\/v2\/media\/25373"}],"wp:attachment":[{"href":"https:\/\/magtech.az\/az\/wp-json\/wp\/v2\/media?parent=25384"}],"wp:term":[{"taxonomy":"product_brand","embeddable":true,"href":"https:\/\/magtech.az\/az\/wp-json\/wp\/v2\/product_brand?post=25384"},{"taxonomy":"product_cat","embeddable":true,"href":"https:\/\/magtech.az\/az\/wp-json\/wp\/v2\/product_cat?post=25384"},{"taxonomy":"product_tag","embeddable":true,"href":"https:\/\/magtech.az\/az\/wp-json\/wp\/v2\/product_tag?post=25384"}],"curies":[{"name":"wp","href":"https:\/\/api.w.org\/{rel}","templated":true}]}}