{"id":25382,"date":"2025-03-05T16:17:07","date_gmt":"2025-03-05T16:17:07","guid":{"rendered":"https:\/\/magtech.az\/?post_type=product&#038;p=25382"},"modified":"2025-03-05T16:17:07","modified_gmt":"2025-03-05T16:17:07","slug":"neon-isiqlardan-hazirlanmis-reklam","status":"publish","type":"product","link":"https:\/\/magtech.az\/az\/product\/neon-isiqlardan-hazirlanmis-reklam\/","title":{"rendered":"Neon i\u015f\u0131qlardan haz\u0131rlanm\u0131\u015f reklam"},"content":{"rendered":"<p>Neon i\u015f\u0131qlardan haz\u0131rlanm\u0131\u015f reklam, sifari\u015fl\u0259 haz\u0131rlan\u0131r<\/p>","protected":false},"excerpt":{"rendered":"<p>Neon i\u015f\u0131qlardan haz\u0131rlanm\u0131\u015f reklam, sifari\u015fl\u0259 haz\u0131rlan\u0131r<\/p>","protected":false},"featured_media":25361,"template":"","meta":[],"product_brand":[],"product_cat":[59],"product_tag":[],"class_list":{"0":"post-25382","1":"product","2":"type-product","3":"status-publish","4":"has-post-thumbnail","6":"product_cat-reklam","7":"tm-no-options","9":"first","10":"instock","11":"shipping-taxable","12":"product-type-simple"},"_links":{"self":[{"href":"https:\/\/magtech.az\/az\/wp-json\/wp\/v2\/product\/25382","targetHints":{"allow":["GET"]}}],"collection":[{"href":"https:\/\/magtech.az\/az\/wp-json\/wp\/v2\/product"}],"about":[{"href":"https:\/\/magtech.az\/az\/wp-json\/wp\/v2\/types\/product"}],"version-history":[{"count":1,"href":"https:\/\/magtech.az\/az\/wp-json\/wp\/v2\/product\/25382\/revisions"}],"predecessor-version":[{"id":25383,"href":"https:\/\/magtech.az\/az\/wp-json\/wp\/v2\/product\/25382\/revisions\/25383"}],"wp:featuredmedia":[{"embeddable":true,"href":"https:\/\/magtech.az\/az\/wp-json\/wp\/v2\/media\/25361"}],"wp:attachment":[{"href":"https:\/\/magtech.az\/az\/wp-json\/wp\/v2\/media?parent=25382"}],"wp:term":[{"taxonomy":"product_brand","embeddable":true,"href":"https:\/\/magtech.az\/az\/wp-json\/wp\/v2\/product_brand?post=25382"},{"taxonomy":"product_cat","embeddable":true,"href":"https:\/\/magtech.az\/az\/wp-json\/wp\/v2\/product_cat?post=25382"},{"taxonomy":"product_tag","embeddable":true,"href":"https:\/\/magtech.az\/az\/wp-json\/wp\/v2\/product_tag?post=25382"}],"curies":[{"name":"wp","href":"https:\/\/api.w.org\/{rel}","templated":true}]}}