{"id":25306,"date":"2025-02-26T14:27:01","date_gmt":"2025-02-26T14:27:01","guid":{"rendered":"https:\/\/magtech.az\/?post_type=product&#038;p=25306"},"modified":"2025-02-26T14:28:55","modified_gmt":"2025-02-26T14:28:55","slug":"avtomobil-ucun-gunluk-c%c9%99tir-formasinda","status":"publish","type":"product","link":"https:\/\/magtech.az\/az\/product\/avtomobil-ucun-gunluk-c%c9%99tir-formasinda\/","title":{"rendered":"Avtomobil \u00fc\u00e7\u00fcn g\u00fcnl\u00fck \u00e7\u0259tir formas\u0131nda"},"content":{"rendered":"<p>Avtomobil \u00fc\u00e7\u00fcn g\u00fcnl\u00fck \u00e7\u0259tir formas\u0131nda<\/p>","protected":false},"excerpt":{"rendered":"<p>Avtomobil \u00fc\u00e7\u00fcn g\u00fcnl\u00fck \u00e7\u0259tir formas\u0131nda<\/p>","protected":false},"featured_media":25307,"template":"","meta":[],"product_brand":[],"product_cat":[59],"product_tag":[],"class_list":{"0":"post-25306","1":"product","2":"type-product","3":"status-publish","4":"has-post-thumbnail","6":"product_cat-reklam","7":"tm-no-options","9":"first","10":"instock","11":"shipping-taxable","12":"purchasable","13":"product-type-simple"},"_links":{"self":[{"href":"https:\/\/magtech.az\/az\/wp-json\/wp\/v2\/product\/25306","targetHints":{"allow":["GET"]}}],"collection":[{"href":"https:\/\/magtech.az\/az\/wp-json\/wp\/v2\/product"}],"about":[{"href":"https:\/\/magtech.az\/az\/wp-json\/wp\/v2\/types\/product"}],"version-history":[{"count":1,"href":"https:\/\/magtech.az\/az\/wp-json\/wp\/v2\/product\/25306\/revisions"}],"predecessor-version":[{"id":25308,"href":"https:\/\/magtech.az\/az\/wp-json\/wp\/v2\/product\/25306\/revisions\/25308"}],"wp:featuredmedia":[{"embeddable":true,"href":"https:\/\/magtech.az\/az\/wp-json\/wp\/v2\/media\/25307"}],"wp:attachment":[{"href":"https:\/\/magtech.az\/az\/wp-json\/wp\/v2\/media?parent=25306"}],"wp:term":[{"taxonomy":"product_brand","embeddable":true,"href":"https:\/\/magtech.az\/az\/wp-json\/wp\/v2\/product_brand?post=25306"},{"taxonomy":"product_cat","embeddable":true,"href":"https:\/\/magtech.az\/az\/wp-json\/wp\/v2\/product_cat?post=25306"},{"taxonomy":"product_tag","embeddable":true,"href":"https:\/\/magtech.az\/az\/wp-json\/wp\/v2\/product_tag?post=25306"}],"curies":[{"name":"wp","href":"https:\/\/api.w.org\/{rel}","templated":true}]}}