{"id":8222,"date":"2023-04-22T04:00:07","date_gmt":"2023-04-22T04:00:07","guid":{"rendered":"https:\/\/bw-medxtore-demo6.bzotech.com\/?page_id=8222"},"modified":"2025-02-08T17:21:07","modified_gmt":"2025-02-08T17:21:07","slug":"haqqimizda","status":"publish","type":"page","link":"https:\/\/magtech.az\/az\/haqqimizda\/","title":{"rendered":"Haqq\u0131m\u0131zda"},"content":{"rendered":"<div data-elementor-type=\"wp-page\" data-elementor-id=\"8222\" class=\"elementor elementor-8222\">\n\t\t\t\t<div class=\"elementor-element elementor-element-b7b4077 e-flex e-con-boxed e-con e-parent\" data-id=\"b7b4077\" data-element_type=\"container\" data-e-type=\"container\">\n\t\t\t\t\t<div class=\"e-con-inner\">\n\t\t<div class=\"elementor-element elementor-element-8f2a525 e-con-full e-flex e-con e-child\" data-id=\"8f2a525\" data-element_type=\"container\" data-e-type=\"container\">\n\t\t\t\t<div class=\"elementor-element elementor-element-174ea25 elementor-widget elementor-widget-bzotech-banner-info-global\" data-id=\"174ea25\" data-element_type=\"widget\" data-e-type=\"widget\" data-widget_type=\"bzotech-banner-info-global.default\">\n\t\t\t\t<div class=\"elementor-widget-container\">\n\t\t\t\t\t<div class=\"elbzotech-banner-info-global-wrap elbzotech-banner-info-global-elbzotech-bndf zoom-image line-scale elbzotech-hidden wrap-flex-e-elbzotech-info-inner\" >\r\n\t\t\t<div class=\"elbzotech-banner-info-global-thumb zoom-image line-scale elbzotech-hidden\" >\r\n\t\t\t<a class=\"adv-thumb-link  elementor-animation-\" rel=\"nofollow\" href=\"#\" >\r\n\t\t\t\t\t\t\t\t\t\t\t\t<img fetchpriority=\"high\" decoding=\"async\" width=\"1073\" height=\"715\" src=\"https:\/\/magtech.az\/wp-content\/uploads\/2025\/02\/Frame-2-2.png\" class=\"attachment-full size-full wp-image-25132\" alt=\"\" srcset=\"https:\/\/magtech.az\/wp-content\/uploads\/2025\/02\/Frame-2-2.png 1073w, https:\/\/magtech.az\/wp-content\/uploads\/2025\/02\/Frame-2-2-300x200.png 300w, https:\/\/magtech.az\/wp-content\/uploads\/2025\/02\/Frame-2-2-1024x682.png 1024w, https:\/\/magtech.az\/wp-content\/uploads\/2025\/02\/Frame-2-2-768x512.png 768w, https:\/\/magtech.az\/wp-content\/uploads\/2025\/02\/Frame-2-2-600x400.png 600w\" sizes=\"(max-width: 1073px) 100vw, 1073px\" \/>\t\t\t\t\t\t\t<\/a>\r\n\t\t<\/div>\r\n\t<\/div>\t\t\t\t<\/div>\n\t\t\t\t<\/div>\n\t\t\t\t<\/div>\n\t\t<div class=\"elementor-element elementor-element-4e2b7fa e-con-full e-flex e-con e-child\" data-id=\"4e2b7fa\" data-element_type=\"container\" data-e-type=\"container\">\n\t\t<div class=\"elementor-element elementor-element-9a9b92f e-flex e-con-boxed e-con e-child\" data-id=\"9a9b92f\" data-element_type=\"container\" data-e-type=\"container\">\n\t\t\t\t\t<div class=\"e-con-inner\">\n\t\t\t\t<div class=\"elementor-element elementor-element-2901689 elementor-widget elementor-widget-bzotech-heading-global\" data-id=\"2901689\" data-element_type=\"widget\" data-e-type=\"widget\" data-widget_type=\"bzotech-heading-global.default\">\n\t\t\t\t<div class=\"elementor-widget-container\">\n\t\t\t\t\t<h2 class=\"container-flex-e elbzotech-heading-global font-title text-css-e font-medium  title48 color-title elbzotech-heading-global-style1\">Magtech MMC<span class=\"elbzotech-heading-global__line line-e bg-color\"><\/span><span class=\"type-title_shadow\"><\/span><\/h2>\t\t\t\t<\/div>\n\t\t\t\t<\/div>\n\t\t\t\t\t<\/div>\n\t\t\t\t<\/div>\n\t\t\t\t<div class=\"elementor-element elementor-element-f01b357 elementor-widget elementor-widget-bzotech-heading-global\" data-id=\"f01b357\" data-element_type=\"widget\" data-e-type=\"widget\" data-widget_type=\"bzotech-heading-global.default\">\n\t\t\t\t<div class=\"elementor-widget-container\">\n\t\t\t\t\t<div class=\"elbzotech-text-editor-global text-css-e\"><p>\u015eirk\u0259timiz 2024-c\u00fc ild\u0259n f\u0259aliyy\u0259t\u0259 ba\u015flay\u0131b. Yeni yaranmas\u0131na baxmayaraq komandam\u0131z\u0131n bu sferada \u00e7ox b\u00f6y\u00fck i\u015f t\u0259cr\u00fcb\u0259si var. bu t\u0259cr\u00fcb\u0259 biz\u0259 sifari\u015fl\u0259rin keyfiyy\u0259tli v\u0259 vaxt\u0131nda t\u0259hvil verilm\u0259sin\u0259 t\u0259minat verir. \u015eirk\u0259timiz \u00c7inin v\u0259 Avropan\u0131n \u0259n qabaqc\u0131l istehsal\u00e7\u0131lar\u0131 il\u0259 \u0259m\u0259kda\u015fl\u0131q edir v\u0259 d\u00fcnyan\u0131n ist\u0259nil\u0259n yerind\u0259n sifari\u015fl\u0259rin haz\u0131rlanmas\u0131 v\u0259 \u00e7atd\u0131r\u0131lmas\u0131n\u0131 t\u0259min edir. Hal haz\u0131rda bir ne\u00e7\u0259 f\u0259rqli istiqam\u0259td\u0259 f\u0259aliyy\u0259t g\u00f6st\u0259ririk v\u0259 bu istiqam\u0259tl\u0259rin inki\u015faf\u0131na \u0259n q\u0131sa zamanda nail olmu\u015fuq. Hal haz\u0131rda &#8211; Bak\u0131da anbarda davaml\u0131 olan v\u0259 ya sifari\u015fl\u0259 haz\u0131rlanan promo m\u0259hsullar\u0131n topdan v\u0259 p\u0259rak\u0259nd\u0259 sat\u0131\u015f\u0131 il\u0259 m\u0259\u015f\u011ful olan <strong>&#8220;Sat\u0131\u015f \u015e\u00f6b\u0259si&#8221;<\/strong>, m\u0259hsullar\u0131n brendl\u0259\u015fm\u0259si \u00fc\u00e7\u00fcn h\u0259r bir imkana malik olan <strong>&#8220;\u00c7ap \u015f\u00f6b\u0259si&#8221;<\/strong>, orq\u015f\u00fc\u015f\u0259 v\u0259 dig\u0259r xammallarda ist\u0259nil\u0259n reklam l\u00f6vh\u0259l\u0259rini haz\u0131rlaya bil\u0259n <strong>&#8220;\u0130stehsal \u015f\u00f6b\u0259si&#8221;<\/strong> v\u0259 tekstil m\u0259hsullar\u0131n\u0131n tiki\u015fi v\u0259 \u00e7ap\u0131 il\u0259 m\u0259\u015f\u011ful olan <strong>&#8220;Tekstil \u015f\u00f6b\u0259si&#8221;<\/strong> f\u0259aliyy\u0259td\u0259dir. M\u0259hsullar\u0131m\u0131z v\u0259 avadanl\u0131qlar\u0131m\u0131z il\u0259 sayt\u0131m\u0131zda aidiyyati b\u00f6lm\u0259l\u0259rd\u0259 tan\u0131\u015f ola bil\u0259rsiz. Biziml\u0259 \u0259m\u0259kda\u015fl\u0131q ed\u0259r\u0259k bu xidm\u0259tl\u0259rd\u0259n yararlana v\u0259 sifari\u015fl\u0259rinizin keyfiyy\u0259tli v\u0259 vaxt\u0131nda t\u0259minat\u0131na nail olaraq, h\u0259m b\u00fcdc\u0259niz\u0259 h\u0259md\u0259 vaxt\u0131n\u0131za q\u0259na\u0259t etmi\u015f olacaqs\u0131z.<\/p><\/div>\t\t\t\t<\/div>\n\t\t\t\t<\/div>\n\t\t\t\t<\/div>\n\t\t\t\t\t<\/div>\n\t\t\t\t<\/div>\n\t\t<div class=\"elementor-element elementor-element-804d466 e-flex e-con-boxed e-con e-parent\" data-id=\"804d466\" data-element_type=\"container\" data-e-type=\"container\">\n\t\t\t\t\t<div class=\"e-con-inner\">\n\t\t<div class=\"elementor-element elementor-element-b0df3c3 e-con-full e-flex e-con e-child\" data-id=\"b0df3c3\" data-element_type=\"container\" data-e-type=\"container\">\n\t\t\t\t<div class=\"elementor-element elementor-element-df2edb1 elementor-widget elementor-widget-bzotech-banner-info-global\" data-id=\"df2edb1\" data-element_type=\"widget\" data-e-type=\"widget\" data-widget_type=\"bzotech-banner-info-global.default\">\n\t\t\t\t<div class=\"elementor-widget-container\">\n\t\t\t\t\t<div class=\"elbzotech-banner-info-global-wrap elbzotech-banner-info-global-elbzotech-bndf zoom-image line-scale elbzotech-hidden wrap-flex-e-elbzotech-info-inner\" >\r\n\t\t\t<div class=\"elbzotech-banner-info-global-thumb zoom-image line-scale elbzotech-hidden\" >\r\n\t\t\t<a class=\"adv-thumb-link  elementor-animation-\" rel=\"nofollow\" >\r\n\t\t\t\t\t\t\t\t\t\t\t\t<img decoding=\"async\" src=\"https:\/\/bw-printxtore.bzotech.com\/wp-content\/uploads\/2023\/11\/banner-home1-2.webp\" title=\"\" alt=\"\" loading=\"lazy\" \/>\t\t\t\t\t\t\t<\/a>\r\n\t\t<\/div>\r\n\t<\/div>\t\t\t\t<\/div>\n\t\t\t\t<\/div>\n\t\t<div class=\"elementor-element elementor-element-d8afd7f e-flex e-con-boxed e-con e-child\" data-id=\"d8afd7f\" data-element_type=\"container\" data-e-type=\"container\">\n\t\t\t\t\t<div class=\"e-con-inner\">\n\t\t\t\t<div class=\"elementor-element elementor-element-b1e3ee0 elementor-widget elementor-widget-bzotech-heading-global\" data-id=\"b1e3ee0\" data-element_type=\"widget\" data-e-type=\"widget\" data-widget_type=\"bzotech-heading-global.default\">\n\t\t\t\t<div class=\"elementor-widget-container\">\n\t\t\t\t\t<h2 class=\"container-flex-e elbzotech-heading-global font-title text-css-e font-medium  title48 color-title elbzotech-heading-global-style1\">Missiyam\u0131z<span class=\"elbzotech-heading-global__line line-e bg-color\"><\/span><span class=\"type-title_shadow\"><\/span><\/h2>\t\t\t\t<\/div>\n\t\t\t\t<\/div>\n\t\t\t\t\t<\/div>\n\t\t\t\t<\/div>\n\t\t\t\t<div class=\"elementor-element elementor-element-375f946 elementor-widget elementor-widget-bzotech-heading-global\" data-id=\"375f946\" data-element_type=\"widget\" data-e-type=\"widget\" data-widget_type=\"bzotech-heading-global.default\">\n\t\t\t\t<div class=\"elementor-widget-container\">\n\t\t\t\t\t<div class=\"elbzotech-text-editor-global text-css-e\"><p>H\u0259r il d\u00fcnyan\u0131n m\u00fcxt\u0259lif yerl\u0259rind\u0259 ba\u015f tutan Beyn\u0259lxalq S\u0259rgil\u0259rd\u0259 i\u015ftirak ed\u0259r\u0259k \u0259n yeni m\u0259hsullar\u0131 v\u0259 texnologiyalar\u0131 \u00f6lk\u0259miz\u0259 g\u0259tirm\u0259kl\u0259 keyfiyy\u0259tli \u00e7ap v\u0259 m\u0259hsul istehsal etm\u0259k, bu istiqam\u0259td\u0259 daima inki\u015faf ed\u0259r\u0259k b\u00f6y\u00fck u\u011furlara nail olmaqd\u0131r.<\/p><\/div>\t\t\t\t<\/div>\n\t\t\t\t<\/div>\n\t\t\t\t<\/div>\n\t\t<div class=\"elementor-element elementor-element-a9a5391 e-con-full e-flex e-con e-child\" data-id=\"a9a5391\" data-element_type=\"container\" data-e-type=\"container\">\n\t\t\t\t<div class=\"elementor-element elementor-element-04ba885 elementor-widget elementor-widget-bzotech-banner-info-global\" data-id=\"04ba885\" data-element_type=\"widget\" data-e-type=\"widget\" data-widget_type=\"bzotech-banner-info-global.default\">\n\t\t\t\t<div class=\"elementor-widget-container\">\n\t\t\t\t\t<div class=\"elbzotech-banner-info-global-wrap elbzotech-banner-info-global-elbzotech-bndf zoom-image line-scale elbzotech-hidden wrap-flex-e-elbzotech-info-inner\" >\r\n\t\t\t<div class=\"elbzotech-banner-info-global-thumb zoom-image line-scale elbzotech-hidden\" >\r\n\t\t\t<a class=\"adv-thumb-link  elementor-animation-\" rel=\"nofollow\" href=\"#\" >\r\n\t\t\t\t\t\t\t\t\t\t\t\t<img decoding=\"async\" width=\"1073\" height=\"715\" src=\"https:\/\/magtech.az\/wp-content\/uploads\/2025\/02\/Frame-2-1.png\" class=\"attachment-full size-full wp-image-25133\" alt=\"\" srcset=\"https:\/\/magtech.az\/wp-content\/uploads\/2025\/02\/Frame-2-1.png 1073w, https:\/\/magtech.az\/wp-content\/uploads\/2025\/02\/Frame-2-1-300x200.png 300w, https:\/\/magtech.az\/wp-content\/uploads\/2025\/02\/Frame-2-1-1024x682.png 1024w, https:\/\/magtech.az\/wp-content\/uploads\/2025\/02\/Frame-2-1-768x512.png 768w, https:\/\/magtech.az\/wp-content\/uploads\/2025\/02\/Frame-2-1-600x400.png 600w\" sizes=\"(max-width: 1073px) 100vw, 1073px\" \/>\t\t\t\t\t\t\t<\/a>\r\n\t\t<\/div>\r\n\t<\/div>\t\t\t\t<\/div>\n\t\t\t\t<\/div>\n\t\t\t\t<\/div>\n\t\t\t\t\t<\/div>\n\t\t\t\t<\/div>\n\t\t<div class=\"elementor-element elementor-element-54fa918 bg-color e-flex e-con-boxed e-con e-parent\" data-id=\"54fa918\" data-element_type=\"container\" data-e-type=\"container\">\n\t\t\t\t\t<div class=\"e-con-inner\">\n\t\t<div class=\"elementor-element elementor-element-f8ed351 e-flex e-con-boxed e-con e-child\" data-id=\"f8ed351\" data-element_type=\"container\" data-e-type=\"container\">\n\t\t\t\t\t<div class=\"e-con-inner\">\n\t\t<div class=\"elementor-element elementor-element-b95581d e-con-full e-flex e-con e-child\" data-id=\"b95581d\" data-element_type=\"container\" data-e-type=\"container\">\n\t\t\t\t<div class=\"elementor-element elementor-element-9b6e76b elementor-widget elementor-widget-bzotech_info_box_global\" data-id=\"9b6e76b\" data-element_type=\"widget\" data-e-type=\"widget\" data-widget_type=\"bzotech_info_box_global.default\">\n\t\t\t\t<div class=\"elementor-widget-container\">\n\t\t\t\t\t<div class=\"flex-wrapper container-flex-e bzoteche-info-box-global- item-info-box-global\">\r\n\t<div class=\"info-box-icon elementor-animation-\"><div ><i class=\"item-icon-e title50   lab la-dropbox\"><\/i><\/div><\/div><div class = \"list-text-info flex-wrapper info-container-flex-e\">        <h2  class=\"list-text-info__item  elementor-repeater-item-5c8e265\">Keyfiyy\u0259tli xidm\u0259t<\/h2><h2  class=\"list-text-info__item  elementor-repeater-item-d84685a\">Sifari\u015fl\u0259rinizin keyfiyy\u0259tli v\u0259 vaxt\u0131nda t\u0259hvil verilm\u0259sin\u0259 z\u0259man\u0259t veririk<\/h2><\/div><\/div>\t\t\t\t<\/div>\n\t\t\t\t<\/div>\n\t\t\t\t<\/div>\n\t\t<div class=\"elementor-element elementor-element-9e221df e-con-full e-flex e-con e-child\" data-id=\"9e221df\" data-element_type=\"container\" data-e-type=\"container\">\n\t\t\t\t<div class=\"elementor-element elementor-element-506304d elementor-widget elementor-widget-bzotech_info_box_global\" data-id=\"506304d\" data-element_type=\"widget\" data-e-type=\"widget\" data-widget_type=\"bzotech_info_box_global.default\">\n\t\t\t\t<div class=\"elementor-widget-container\">\n\t\t\t\t\t<div class=\"flex-wrapper container-flex-e bzoteche-info-box-global- item-info-box-global\">\r\n\t<div class=\"info-box-icon elementor-animation-\"><div ><i class=\"item-icon-e title50   las la-ship\"><\/i><\/div><\/div><div class = \"list-text-info flex-wrapper info-container-flex-e\">        <h2  class=\"list-text-info__item  elementor-repeater-item-5c8e265\">\u00c7atd\u0131r\u0131lma<\/h2><h2  class=\"list-text-info__item  elementor-repeater-item-d84685a\">\u0130st\u0259nil\u0259n yer\u0259 s\u0259rf\u0259li \u015f\u0259rtl\u0259rl\u0259 s\u00fcr\u0259tli \u00e7atd\u0131r\u0131lma xidm\u0259ti<\/h2><\/div><\/div>\t\t\t\t<\/div>\n\t\t\t\t<\/div>\n\t\t\t\t<\/div>\n\t\t<div class=\"elementor-element elementor-element-c9ffb93 e-con-full e-flex e-con e-child\" data-id=\"c9ffb93\" data-element_type=\"container\" data-e-type=\"container\">\n\t\t\t\t<div class=\"elementor-element elementor-element-834e529 elementor-widget elementor-widget-bzotech_info_box_global\" data-id=\"834e529\" data-element_type=\"widget\" data-e-type=\"widget\" data-widget_type=\"bzotech_info_box_global.default\">\n\t\t\t\t<div class=\"elementor-widget-container\">\n\t\t\t\t\t<div class=\"flex-wrapper container-flex-e bzoteche-info-box-global- item-info-box-global\">\r\n\t<div class=\"info-box-icon elementor-animation-\"><div ><i class=\"item-icon-e title50   las la-money-check-alt\"><\/i><\/div><\/div><div class = \"list-text-info flex-wrapper info-container-flex-e\">        <h2  class=\"list-text-info__item  elementor-repeater-item-5c8e265\">\u00d6d\u0259ni\u015f<\/h2><h2  class=\"list-text-info__item  elementor-repeater-item-d84685a\">\u0130st\u0259diyiniz vaxt, ist\u0259nil\u0259n yerd\u0259n t\u0259hl\u00fck\u0259siz \u00f6d\u0259ni\u015f imkan\u0131<\/h2><\/div><\/div>\t\t\t\t<\/div>\n\t\t\t\t<\/div>\n\t\t\t\t<\/div>\n\t\t<div class=\"elementor-element elementor-element-770ba09 e-con-full e-flex e-con e-child\" data-id=\"770ba09\" data-element_type=\"container\" data-e-type=\"container\">\n\t\t\t\t<div class=\"elementor-element elementor-element-f25cd7b elementor-widget elementor-widget-bzotech_info_box_global\" data-id=\"f25cd7b\" data-element_type=\"widget\" data-e-type=\"widget\" data-widget_type=\"bzotech_info_box_global.default\">\n\t\t\t\t<div class=\"elementor-widget-container\">\n\t\t\t\t\t<div class=\"flex-wrapper container-flex-e bzoteche-info-box-global- item-info-box-global\">\r\n\t<div class=\"info-box-icon elementor-animation-\"><div ><i class=\"item-icon-e title50   las la-hand-holding-heart\"><\/i><\/div><\/div><div class = \"list-text-info flex-wrapper info-container-flex-e\">        <h2  class=\"list-text-info__item  elementor-repeater-item-5c8e265\">Tam f\u0259rdi dizayn<\/h2><h2  class=\"list-text-info__item  elementor-repeater-item-d84685a\">Sifari\u015fl\u0259riniz\u0259 uy\u011fun \u00e7ap v\u0259 tikili m\u0259hsullarla f\u0259rdi h\u0259ll\u0259r t\u0259klif edirik<\/h2><\/div><\/div>\t\t\t\t<\/div>\n\t\t\t\t<\/div>\n\t\t\t\t<\/div>\n\t\t<div class=\"elementor-element elementor-element-fb05f6e e-con-full e-flex e-con e-child\" data-id=\"fb05f6e\" data-element_type=\"container\" data-e-type=\"container\">\n\t\t\t\t<div class=\"elementor-element elementor-element-4e76119 elementor-widget elementor-widget-bzotech_info_box_global\" data-id=\"4e76119\" data-element_type=\"widget\" data-e-type=\"widget\" data-widget_type=\"bzotech_info_box_global.default\">\n\t\t\t\t<div class=\"elementor-widget-container\">\n\t\t\t\t\t<div class=\"flex-wrapper container-flex-e bzoteche-info-box-global- item-info-box-global\">\r\n\t<div class=\"info-box-icon elementor-animation-\"><div ><i class=\"item-icon-e title50   lab la-slack-hash\"><\/i><\/div><\/div><div class = \"list-text-info flex-wrapper info-container-flex-e\">        <h2  class=\"list-text-info__item  elementor-repeater-item-5c8e265\">Etibarl\u0131 brend<\/h2><h2  class=\"list-text-info__item  elementor-repeater-item-d84685a\">Pe\u015f\u0259kar komanda v\u0259 m\u00fcasir texnologiyalarla g\u00fcv\u0259n\u0259 bil\u0259c\u0259yiniz xidm\u0259t<\/h2><\/div><\/div>\t\t\t\t<\/div>\n\t\t\t\t<\/div>\n\t\t\t\t<\/div>\n\t\t<div class=\"elementor-element elementor-element-18e7da0 e-con-full e-flex e-con e-child\" data-id=\"18e7da0\" data-element_type=\"container\" data-e-type=\"container\">\n\t\t\t\t<div class=\"elementor-element elementor-element-bd7273e elementor-widget elementor-widget-bzotech_info_box_global\" data-id=\"bd7273e\" data-element_type=\"widget\" data-e-type=\"widget\" data-widget_type=\"bzotech_info_box_global.default\">\n\t\t\t\t<div class=\"elementor-widget-container\">\n\t\t\t\t\t<div class=\"flex-wrapper container-flex-e bzoteche-info-box-global- item-info-box-global\">\r\n\t<div class=\"info-box-icon elementor-animation-\"><div ><i class=\"item-icon-e title50   las la-robot\"><\/i><\/div><\/div><div class = \"list-text-info flex-wrapper info-container-flex-e\">        <h2  class=\"list-text-info__item  elementor-repeater-item-5c8e265\">Davaml\u0131 inki\u015faf<\/h2><h2  class=\"list-text-info__item  elementor-repeater-item-d84685a\">Yeni texnologiyalar\u0131 \u00f6lk\u0259y\u0259 g\u0259tir\u0259r\u0259k daim inki\u015faf etm\u0259y\u0259 \u00e7al\u0131\u015f\u0131r\u0131q<\/h2><\/div><\/div>\t\t\t\t<\/div>\n\t\t\t\t<\/div>\n\t\t\t\t<\/div>\n\t\t\t\t\t<\/div>\n\t\t\t\t<\/div>\n\t\t\t\t\t<\/div>\n\t\t\t\t<\/div>\n\t\t\t\t<\/div>","protected":false},"excerpt":{"rendered":"<p>Magtech MMC \u015eirk\u0259timiz 2024-c\u00fc ild\u0259n f\u0259aliyy\u0259t\u0259 ba\u015flay\u0131b. Yeni yaranmas\u0131na baxmayaraq komandam\u0131z\u0131n bu sferada \u00e7ox b\u00f6y\u00fck i\u015f t\u0259cr\u00fcb\u0259si var. bu t\u0259cr\u00fcb\u0259 biz\u0259 sifari\u015fl\u0259rin keyfiyy\u0259tli v\u0259 vaxt\u0131nda t\u0259hvil verilm\u0259sin\u0259 t\u0259minat verir. \u015eirk\u0259timiz \u00c7inin v\u0259 Avropan\u0131n \u0259n qabaqc\u0131l istehsal\u00e7\u0131lar\u0131 il\u0259 \u0259m\u0259kda\u015fl\u0131q edir v\u0259 d\u00fcnyan\u0131n ist\u0259nil\u0259n yerind\u0259n sifari\u015fl\u0259rin haz\u0131rlanmas\u0131 v\u0259 \u00e7atd\u0131r\u0131lmas\u0131n\u0131 t\u0259min edir. Hal haz\u0131rda bir ne\u00e7\u0259 f\u0259rqli istiqam\u0259td\u0259 [&hellip;]<\/p>","protected":false},"author":1,"featured_media":0,"parent":0,"menu_order":0,"comment_status":"closed","ping_status":"closed","template":"elementor-template.php","meta":{"footnotes":""},"class_list":["post-8222","page","type-page","status-publish","hentry"],"_links":{"self":[{"href":"https:\/\/magtech.az\/az\/wp-json\/wp\/v2\/pages\/8222","targetHints":{"allow":["GET"]}}],"collection":[{"href":"https:\/\/magtech.az\/az\/wp-json\/wp\/v2\/pages"}],"about":[{"href":"https:\/\/magtech.az\/az\/wp-json\/wp\/v2\/types\/page"}],"author":[{"embeddable":true,"href":"https:\/\/magtech.az\/az\/wp-json\/wp\/v2\/users\/1"}],"replies":[{"embeddable":true,"href":"https:\/\/magtech.az\/az\/wp-json\/wp\/v2\/comments?post=8222"}],"version-history":[{"count":0,"href":"https:\/\/magtech.az\/az\/wp-json\/wp\/v2\/pages\/8222\/revisions"}],"wp:attachment":[{"href":"https:\/\/magtech.az\/az\/wp-json\/wp\/v2\/media?parent=8222"}],"curies":[{"name":"wp","href":"https:\/\/api.w.org\/{rel}","templated":true}]}}